{"id":15,"date":"2025-03-01T14:18:00","date_gmt":"2025-03-01T13:18:00","guid":{"rendered":"http:\/\/justlikefire.fr\/?page_id=15"},"modified":"2026-02-15T13:12:59","modified_gmt":"2026-02-15T12:12:59","slug":"accueil","status":"publish","type":"page","link":"https:\/\/justlikefire.fr\/","title":{"rendered":"Just Like Fire &#8211; P!nk Tribute"},"content":{"rendered":"\n<figure class=\"wp-block-image size-large\"><img loading=\"lazy\" decoding=\"async\" width=\"1024\" height=\"576\" src=\"http:\/\/justlikefire.fr\/wp-content\/uploads\/2025\/04\/Banniere-Fargues-1-1024x576.jpg\" alt=\"\" class=\"wp-image-392\" srcset=\"https:\/\/justlikefire.fr\/wp-content\/uploads\/2025\/04\/Banniere-Fargues-1-1024x576.jpg 1024w, https:\/\/justlikefire.fr\/wp-content\/uploads\/2025\/04\/Banniere-Fargues-1-300x169.jpg 300w, https:\/\/justlikefire.fr\/wp-content\/uploads\/2025\/04\/Banniere-Fargues-1-768x432.jpg 768w, https:\/\/justlikefire.fr\/wp-content\/uploads\/2025\/04\/Banniere-Fargues-1-1536x864.jpg 1536w, https:\/\/justlikefire.fr\/wp-content\/uploads\/2025\/04\/Banniere-Fargues-1-100x56.jpg 100w, https:\/\/justlikefire.fr\/wp-content\/uploads\/2025\/04\/Banniere-Fargues-1-150x84.jpg 150w, https:\/\/justlikefire.fr\/wp-content\/uploads\/2025\/04\/Banniere-Fargues-1-200x113.jpg 200w, https:\/\/justlikefire.fr\/wp-content\/uploads\/2025\/04\/Banniere-Fargues-1-450x253.jpg 450w, https:\/\/justlikefire.fr\/wp-content\/uploads\/2025\/04\/Banniere-Fargues-1-600x338.jpg 600w, https:\/\/justlikefire.fr\/wp-content\/uploads\/2025\/04\/Banniere-Fargues-1-900x506.jpg 900w, https:\/\/justlikefire.fr\/wp-content\/uploads\/2025\/04\/Banniere-Fargues-1.jpg 2048w\" sizes=\"auto, (max-width: 1024px) 100vw, 1024px\" \/><\/figure>\n\n\n\n<div class=\"gb-element-73c1eb71\">\n<p><\/p>\n\n\n\n<h5 class=\"wp-block-heading has-text-align-center has-button-hover-text-color-color has-text-color has-link-color wp-elements-26870de0917dab27b44e93777b034b22\" style=\"font-size:20px\">Viens nous voir, on est sympa ! \ud83d\ude07<\/h5>\n\n\n\n<div class=\"wp-block-group is-content-justification-center is-nowrap is-layout-flex wp-container-core-group-is-layout-a9c745b9 wp-block-group-is-layout-flex\" style=\"margin-bottom:40px\">\n<p class=\"gb-text gb-text-0b7406c9\">Concerts<\/p>\n\n\n\n<p class=\"gb-text gb-text-71e6a44b\">\u00e0 venir<\/p>\n<\/div>\n\n\n\n<div class=\"wp-block-columns alignwide are-vertically-aligned-center is-layout-flex wp-container-core-columns-is-layout-9d6595d7 wp-block-columns-is-layout-flex\">\n<div class=\"wp-block-column is-vertically-aligned-center is-layout-flow wp-block-column-is-layout-flow\" style=\"font-style:normal;font-weight:600\">\n<p class=\"gb-text gb-text-eabc4b67\">Vendredi 13 Mars<\/p>\n<\/div>\n\n\n\n<div class=\"wp-block-column is-vertically-aligned-center is-layout-flow wp-block-column-is-layout-flow\">\n<p class=\"gb-text gb-text-45cbb304\">Le Plancher des Vaches<\/p>\n<\/div>\n\n\n\n<div class=\"wp-block-column is-vertically-aligned-center is-layout-flow wp-block-column-is-layout-flow\">\n<p class=\"gb-text gb-text-049f8fbf\">AGEN (47)<\/p>\n<\/div>\n\n\n\n<div class=\"wp-block-column is-vertically-aligned-center is-layout-flow wp-block-column-is-layout-flow\">\n<a class=\"gb-text gb-text-8e72f59d\" target=\"_blank\" rel=\"noopener\" href=\"https:\/\/www.facebook.com\/events\/1368848861381510\/\">\u00c9v\u00e8nement Facebook<\/a>\n<\/div>\n<\/div>\n\n\n\n<div class=\"wp-block-columns alignwide are-vertically-aligned-center is-layout-flex wp-container-core-columns-is-layout-9d6595d7 wp-block-columns-is-layout-flex\">\n<div class=\"wp-block-column is-vertically-aligned-center is-layout-flow wp-block-column-is-layout-flow\" style=\"font-style:normal;font-weight:600\">\n<p class=\"gb-text gb-text-bf6ca185\">Samedi 4 avril<\/p>\n<\/div>\n\n\n\n<div class=\"wp-block-column is-vertically-aligned-center is-layout-flow wp-block-column-is-layout-flow\">\n<p class=\"gb-text gb-text-5ee67d59\">La Kantine de Madame<\/p>\n<\/div>\n\n\n\n<div class=\"wp-block-column is-vertically-aligned-center is-layout-flow wp-block-column-is-layout-flow\">\n<p class=\"gb-text gb-text-4b9b6cea\">LA TESTE DE BUCH (33)<\/p>\n<\/div>\n\n\n\n<div class=\"wp-block-column is-vertically-aligned-center is-layout-flow wp-block-column-is-layout-flow\">\n<a class=\"gb-text gb-text-e090bb8a\" target=\"_blank\" rel=\"noopener\" href=\"https:\/\/www.facebook.com\/events\/895577589874369?acontext=%7B%22event_action_history%22%3A%5B%7B%22surface%22%3A%22home%22%7D%2C%7B%22mechanism%22%3A%22attachment%22%2C%22surface%22%3A%22newsfeed%22%7D%5D%2C%22ref_notif_type%22%3Anull%7D\">\u00c9v\u00e8nement Facebook<\/a>\n<\/div>\n<\/div>\n\n\n\n<div class=\"wp-block-columns alignwide are-vertically-aligned-center is-layout-flex wp-container-core-columns-is-layout-9d6595d7 wp-block-columns-is-layout-flex\">\n<div class=\"wp-block-column is-vertically-aligned-center is-layout-flow wp-block-column-is-layout-flow\" style=\"font-style:normal;font-weight:600\">\n<p class=\"gb-text gb-text-dae24932\">Vendredi 8 mai<\/p>\n<\/div>\n\n\n\n<div class=\"wp-block-column is-vertically-aligned-center is-layout-flow wp-block-column-is-layout-flow\">\n<p class=\"gb-text gb-text-b9782c23\">Festival \u00ab\u00a0Du Rock Mon Pote\u00a0\u00bb<\/p>\n<\/div>\n\n\n\n<div class=\"wp-block-column is-vertically-aligned-center is-layout-flow wp-block-column-is-layout-flow\">\n<p class=\"gb-text gb-text-edc2f1d1\">CARBON-BLANC (33)<\/p>\n<\/div>\n\n\n\n<div class=\"wp-block-column is-vertically-aligned-center is-layout-flow wp-block-column-is-layout-flow\">\n<a class=\"gb-text gb-text-2d28c6bc\" target=\"_blank\" rel=\"noopener\" href=\"https:\/\/durockmonpote.com\/\">Site de l&rsquo;\u00c9v\u00e8nement <\/a>\n\n\n\n<a class=\"gb-text gb-text-2a233905\" target=\"_blank\" rel=\"noopener\" href=\"https:\/\/www.facebook.com\/du.rock.mon.pote\">Ev\u00e8nement Facebook<\/a>\n<\/div>\n<\/div>\n\n\n\n<div class=\"wp-block-columns alignwide are-vertically-aligned-center is-layout-flex wp-container-core-columns-is-layout-9d6595d7 wp-block-columns-is-layout-flex\">\n<div class=\"wp-block-column is-vertically-aligned-center is-layout-flow wp-block-column-is-layout-flow\" style=\"font-style:normal;font-weight:600\">\n<p class=\"gb-text gb-text-4471956b\">Samedi 8 aout<\/p>\n<\/div>\n\n\n\n<div class=\"wp-block-column is-vertically-aligned-center is-layout-flow wp-block-column-is-layout-flow\">\n<p class=\"gb-text gb-text-6abf0701\">Bar Saint-Martial<\/p>\n<\/div>\n\n\n\n<div class=\"wp-block-column is-vertically-aligned-center is-layout-flow wp-block-column-is-layout-flow\">\n<p class=\"gb-text gb-text-e68e4bae\">SAINT-MARTIAL-SUR-ISOP (87)<\/p>\n<\/div>\n\n\n\n<div class=\"wp-block-column is-vertically-aligned-center is-layout-flow wp-block-column-is-layout-flow\">\n<a class=\"gb-text gb-text-d461695e\" target=\"_blank\" rel=\"noopener\" href=\"https:\/\/fb.me\/e\/984WG0Pcw\">Ev\u00e8nement Facebook<\/a>\n<\/div>\n<\/div>\n<\/div>\n\n\n\n<div class=\"wp-block-group\" style=\"margin-top:0;margin-bottom:0;padding-top:120px;padding-right:var(--wp--preset--spacing--50);padding-bottom:120px;padding-left:var(--wp--preset--spacing--50)\"><div class=\"wp-block-group__inner-container is-layout-constrained wp-container-core-group-is-layout-53f3de79 wp-block-group-is-layout-constrained\">\n<div class=\"wp-block-columns are-vertically-aligned-center is-layout-flex wp-container-core-columns-is-layout-a0017d07 wp-block-columns-is-layout-flex\">\n<div class=\"wp-block-column is-vertically-aligned-center is-layout-flow wp-block-column-is-layout-flow\">\n<h5 class=\"wp-block-heading has-responsive-main-container-background-color-color has-text-color has-link-color has-normal-font-size wp-elements-123ab16b6fadeebd70013d334df8160e\">A propos de Just Like Fire<\/h5>\n\n\n\n<h2 class=\"wp-block-heading\" style=\"margin-top:15px;font-style:normal;font-weight:600\">Passion\u00e9s de musique depuis toujours<\/h2>\n\n\n\n<p>Just Like Fire est un groupe form\u00e9 de 5 potes, rencontr\u00e9s au fil des aventures musicales de chacun, autour de Bordeaux&#8230; Tu sais, en bas \u00e0 gauche de la France.<\/p>\n\n\n\n<p>Si tu l&rsquo;as pas encore pig\u00e9, notre truc \u00e0 nous, c&rsquo;est la chanteuse P!nk, et on reprend tous ses plus grands tubes sur sc\u00e8ne, avec une \u00e9nergie \u00e9nerg\u00e9tique \u00e9nergisante.<\/p>\n\n\n\n<p>Voil\u00e0 2 ans que le groupe tourne sur les sc\u00e8nes de la Nouvelle Aquitaine (et m\u00eame au-del\u00e0 !)<\/p>\n<\/div>\n\n\n\n<div class=\"wp-block-column is-vertically-aligned-center is-layout-flow wp-block-column-is-layout-flow\">\n<figure class=\"wp-block-image size-large is-style-default\"><img loading=\"lazy\" decoding=\"async\" width=\"883\" height=\"1024\" src=\"http:\/\/justlikefire.fr\/wp-content\/uploads\/2025\/03\/Logo-JLF-883x1024.jpg\" alt=\"\" class=\"wp-image-7\" srcset=\"https:\/\/justlikefire.fr\/wp-content\/uploads\/2025\/03\/Logo-JLF-883x1024.jpg 883w, https:\/\/justlikefire.fr\/wp-content\/uploads\/2025\/03\/Logo-JLF-259x300.jpg 259w, https:\/\/justlikefire.fr\/wp-content\/uploads\/2025\/03\/Logo-JLF-768x891.jpg 768w, https:\/\/justlikefire.fr\/wp-content\/uploads\/2025\/03\/Logo-JLF-1324x1536.jpg 1324w, https:\/\/justlikefire.fr\/wp-content\/uploads\/2025\/03\/Logo-JLF.jpg 1379w\" sizes=\"auto, (max-width: 883px) 100vw, 883px\" \/><\/figure>\n<\/div>\n<\/div>\n<\/div><\/div>\n\n\n\n<div class=\"gb-element-7318f637\">\n<div class=\"wp-block-group is-content-justification-center is-nowrap is-layout-flex wp-container-core-group-is-layout-94bc23d7 wp-block-group-is-layout-flex\">\n<p class=\"gb-text gb-text-ac6cb378\">Voir<\/p>\n\n\n\n<p class=\"gb-text gb-text-1ac2be89\">nos bobines<\/p>\n<\/div>\n\n\n\n<figure class=\"wp-block-gallery has-nested-images columns-default is-cropped wp-block-gallery-1 is-layout-flex wp-block-gallery-is-layout-flex\">\n<figure class=\"wp-block-image size-large\"><img loading=\"lazy\" decoding=\"async\" width=\"1024\" height=\"740\" data-id=\"367\" src=\"http:\/\/justlikefire.fr\/wp-content\/uploads\/2025\/04\/490067699_964598149166789_3317630072054509410_n-2-1024x740.jpg\" alt=\"\" class=\"wp-image-367\" srcset=\"https:\/\/justlikefire.fr\/wp-content\/uploads\/2025\/04\/490067699_964598149166789_3317630072054509410_n-2-1024x740.jpg 1024w, https:\/\/justlikefire.fr\/wp-content\/uploads\/2025\/04\/490067699_964598149166789_3317630072054509410_n-2-300x217.jpg 300w, https:\/\/justlikefire.fr\/wp-content\/uploads\/2025\/04\/490067699_964598149166789_3317630072054509410_n-2-768x555.jpg 768w, https:\/\/justlikefire.fr\/wp-content\/uploads\/2025\/04\/490067699_964598149166789_3317630072054509410_n-2.jpg 2048w\" sizes=\"auto, (max-width: 1024px) 100vw, 1024px\" \/><\/figure>\n\n\n\n<figure class=\"wp-block-image size-large\"><img loading=\"lazy\" decoding=\"async\" width=\"1024\" height=\"683\" data-id=\"28\" src=\"http:\/\/justlikefire.fr\/wp-content\/uploads\/2025\/03\/Ju-keytar-1024x683.jpg\" alt=\"\" class=\"wp-image-28\" srcset=\"https:\/\/justlikefire.fr\/wp-content\/uploads\/2025\/03\/Ju-keytar-1024x683.jpg 1024w, https:\/\/justlikefire.fr\/wp-content\/uploads\/2025\/03\/Ju-keytar-300x200.jpg 300w, https:\/\/justlikefire.fr\/wp-content\/uploads\/2025\/03\/Ju-keytar-768x512.jpg 768w, https:\/\/justlikefire.fr\/wp-content\/uploads\/2025\/03\/Ju-keytar-1536x1024.jpg 1536w, https:\/\/justlikefire.fr\/wp-content\/uploads\/2025\/03\/Ju-keytar-2048x1365.jpg 2048w\" sizes=\"auto, (max-width: 1024px) 100vw, 1024px\" \/><\/figure>\n\n\n\n<figure class=\"wp-block-image size-large\"><img loading=\"lazy\" decoding=\"async\" width=\"1024\" height=\"683\" data-id=\"29\" src=\"http:\/\/justlikefire.fr\/wp-content\/uploads\/2025\/03\/IMG_3514-1024x683.jpg\" alt=\"\" class=\"wp-image-29\" srcset=\"https:\/\/justlikefire.fr\/wp-content\/uploads\/2025\/03\/IMG_3514-1024x683.jpg 1024w, https:\/\/justlikefire.fr\/wp-content\/uploads\/2025\/03\/IMG_3514-300x200.jpg 300w, https:\/\/justlikefire.fr\/wp-content\/uploads\/2025\/03\/IMG_3514-768x512.jpg 768w, https:\/\/justlikefire.fr\/wp-content\/uploads\/2025\/03\/IMG_3514-1536x1024.jpg 1536w, https:\/\/justlikefire.fr\/wp-content\/uploads\/2025\/03\/IMG_3514-2048x1365.jpg 2048w\" sizes=\"auto, (max-width: 1024px) 100vw, 1024px\" \/><\/figure>\n\n\n\n<figure class=\"wp-block-image size-large\"><img loading=\"lazy\" decoding=\"async\" width=\"683\" height=\"1024\" data-id=\"30\" src=\"http:\/\/justlikefire.fr\/wp-content\/uploads\/2025\/03\/IMG_3425-683x1024.jpg\" alt=\"\" class=\"wp-image-30\" srcset=\"https:\/\/justlikefire.fr\/wp-content\/uploads\/2025\/03\/IMG_3425-683x1024.jpg 683w, https:\/\/justlikefire.fr\/wp-content\/uploads\/2025\/03\/IMG_3425-200x300.jpg 200w, https:\/\/justlikefire.fr\/wp-content\/uploads\/2025\/03\/IMG_3425-768x1152.jpg 768w, https:\/\/justlikefire.fr\/wp-content\/uploads\/2025\/03\/IMG_3425-1024x1536.jpg 1024w, https:\/\/justlikefire.fr\/wp-content\/uploads\/2025\/03\/IMG_3425-1365x2048.jpg 1365w, https:\/\/justlikefire.fr\/wp-content\/uploads\/2025\/03\/IMG_3425-scaled.jpg 1707w\" sizes=\"auto, (max-width: 683px) 100vw, 683px\" \/><\/figure>\n\n\n\n<figure class=\"wp-block-image size-full\"><img loading=\"lazy\" decoding=\"async\" width=\"2048\" height=\"1479\" data-id=\"364\" src=\"http:\/\/justlikefire.fr\/wp-content\/uploads\/2025\/04\/489772411_964600132499924_6739801565842166679_n.jpg\" alt=\"\" class=\"wp-image-364\" srcset=\"https:\/\/justlikefire.fr\/wp-content\/uploads\/2025\/04\/489772411_964600132499924_6739801565842166679_n.jpg 2048w, https:\/\/justlikefire.fr\/wp-content\/uploads\/2025\/04\/489772411_964600132499924_6739801565842166679_n-300x217.jpg 300w\" sizes=\"auto, (max-width: 2048px) 100vw, 2048px\" \/><\/figure>\n\n\n\n<figure class=\"wp-block-image size-large\"><img loading=\"lazy\" decoding=\"async\" width=\"1024\" height=\"683\" data-id=\"24\" src=\"http:\/\/justlikefire.fr\/wp-content\/uploads\/2025\/03\/IMG_6890-1024x683.jpg\" alt=\"\" class=\"wp-image-24\" srcset=\"https:\/\/justlikefire.fr\/wp-content\/uploads\/2025\/03\/IMG_6890-1024x683.jpg 1024w, https:\/\/justlikefire.fr\/wp-content\/uploads\/2025\/03\/IMG_6890-300x200.jpg 300w, https:\/\/justlikefire.fr\/wp-content\/uploads\/2025\/03\/IMG_6890-768x512.jpg 768w, https:\/\/justlikefire.fr\/wp-content\/uploads\/2025\/03\/IMG_6890.jpg 1200w\" sizes=\"auto, (max-width: 1024px) 100vw, 1024px\" \/><\/figure>\n\n\n\n<figure class=\"wp-block-image size-large\"><img loading=\"lazy\" decoding=\"async\" width=\"1024\" height=\"683\" data-id=\"25\" src=\"http:\/\/justlikefire.fr\/wp-content\/uploads\/2025\/03\/IMG_3281-1024x683.jpg\" alt=\"\" class=\"wp-image-25\" srcset=\"https:\/\/justlikefire.fr\/wp-content\/uploads\/2025\/03\/IMG_3281-1024x683.jpg 1024w, https:\/\/justlikefire.fr\/wp-content\/uploads\/2025\/03\/IMG_3281-300x200.jpg 300w, https:\/\/justlikefire.fr\/wp-content\/uploads\/2025\/03\/IMG_3281-768x512.jpg 768w, https:\/\/justlikefire.fr\/wp-content\/uploads\/2025\/03\/IMG_3281-1536x1024.jpg 1536w, https:\/\/justlikefire.fr\/wp-content\/uploads\/2025\/03\/IMG_3281-2048x1365.jpg 2048w\" sizes=\"auto, (max-width: 1024px) 100vw, 1024px\" \/><\/figure>\n\n\n\n<figure class=\"wp-block-image size-large\"><img loading=\"lazy\" decoding=\"async\" width=\"1024\" height=\"576\" data-id=\"371\" src=\"http:\/\/justlikefire.fr\/wp-content\/uploads\/2025\/04\/490298317_964598752500062_8583214949399257092_n-1024x576.jpg\" alt=\"\" class=\"wp-image-371\" srcset=\"https:\/\/justlikefire.fr\/wp-content\/uploads\/2025\/04\/490298317_964598752500062_8583214949399257092_n-1024x576.jpg 1024w, https:\/\/justlikefire.fr\/wp-content\/uploads\/2025\/04\/490298317_964598752500062_8583214949399257092_n-300x169.jpg 300w, https:\/\/justlikefire.fr\/wp-content\/uploads\/2025\/04\/490298317_964598752500062_8583214949399257092_n-768x432.jpg 768w, https:\/\/justlikefire.fr\/wp-content\/uploads\/2025\/04\/490298317_964598752500062_8583214949399257092_n-1536x864.jpg 1536w, https:\/\/justlikefire.fr\/wp-content\/uploads\/2025\/04\/490298317_964598752500062_8583214949399257092_n-100x56.jpg 100w, https:\/\/justlikefire.fr\/wp-content\/uploads\/2025\/04\/490298317_964598752500062_8583214949399257092_n-150x84.jpg 150w, https:\/\/justlikefire.fr\/wp-content\/uploads\/2025\/04\/490298317_964598752500062_8583214949399257092_n-200x113.jpg 200w, https:\/\/justlikefire.fr\/wp-content\/uploads\/2025\/04\/490298317_964598752500062_8583214949399257092_n-450x253.jpg 450w, https:\/\/justlikefire.fr\/wp-content\/uploads\/2025\/04\/490298317_964598752500062_8583214949399257092_n-600x338.jpg 600w, https:\/\/justlikefire.fr\/wp-content\/uploads\/2025\/04\/490298317_964598752500062_8583214949399257092_n-900x506.jpg 900w, https:\/\/justlikefire.fr\/wp-content\/uploads\/2025\/04\/490298317_964598752500062_8583214949399257092_n.jpg 2048w\" sizes=\"auto, (max-width: 1024px) 100vw, 1024px\" \/><\/figure>\n<\/figure>\n\n\n\n<div class=\"wp-block-buttons is-content-justification-center is-layout-flex wp-container-core-buttons-is-layout-bd8c938b wp-block-buttons-is-layout-flex\" style=\"margin-top:40px\">\n<div class=\"wp-block-button is-style-button-hover-primary-bgcolor\"><a class=\"wp-block-button__link has-responsive-main-container-background-color-color has-button-color-background-color has-text-color has-background has-link-color has-border-color has-primary-border-color has-custom-font-size wp-element-button\" href=\"http:\/\/justlikefire.fr\/index.php\/gallerie\/\" style=\"border-width:2px;border-radius:0px;padding-top:13px;padding-right:40px;padding-bottom:13px;padding-left:40px;font-size:18px;font-style:normal;font-weight:500\">GALERIE<\/a><\/div>\n<\/div>\n\n\n\n<p class=\"gb-text\">Nous ne remercierons jamais assez les personnes talentueuses qui nous permettent d&rsquo;immortaliser nos concerts : <\/p>\n\n\n\n<p>Merci <a href=\"https:\/\/www.facebook.com\/search\/top?q=ericbenard%20photographe\" target=\"_blank\" rel=\"noopener\">Eric Benard<\/a>, gr\u00e2ce \u00e0 toi on a les preuves qu&rsquo;on ne chante pas que sous la douche !<\/p>\n\n\n\n<p><a href=\"https:\/\/www.facebook.com\/KoalaPicturesInc\" target=\"_blank\" rel=\"noopener\">Kaoalapictures<\/a> : on a l&rsquo;air de rockstars, alors qu&rsquo;en vrai on gal\u00e8re \u00e0 accorder une guitare. Merci pour la magie !<\/p>\n\n\n\n<p><\/p>\n\n\n\n<figure class=\"wp-block-embed is-type-video is-provider-youtube wp-block-embed-youtube wp-embed-aspect-16-9 wp-has-aspect-ratio\"><div class=\"wp-block-embed__wrapper\">\n<iframe loading=\"lazy\" title=\"Just Like Fire - Pink Tribute @LeGrandchampBardement\" width=\"605\" height=\"340\" src=\"https:\/\/www.youtube.com\/embed\/Z8BYSQzBaMY?feature=oembed\" frameborder=\"0\" allow=\"accelerometer; autoplay; clipboard-write; encrypted-media; gyroscope; picture-in-picture; web-share\" referrerpolicy=\"strict-origin-when-cross-origin\" allowfullscreen><\/iframe>\n<\/div><\/figure>\n<\/div>\n\n\n\n<div class=\"gb-element-627f3645\">\n<div class=\"wp-block-group is-content-justification-center is-nowrap is-layout-flex wp-container-core-group-is-layout-94bc23d7 wp-block-group-is-layout-flex\">\n<p class=\"gb-text gb-text-c380d72f\">Ils nous ont<\/p>\n\n\n\n<p class=\"gb-text gb-text-fb5e4f04\"> fait confiance<\/p>\n<\/div>\n\n\n\n<div class=\"wp-block-columns is-layout-flex wp-container-core-columns-is-layout-2679cf2c wp-block-columns-is-layout-flex\">\n<div class=\"wp-block-column is-layout-flow wp-block-column-is-layout-flow\">\n<div class=\"wp-block-group has-background\" style=\"background-color:#161616;padding-top:32px;padding-right:32px;padding-bottom:32px;padding-left:32px\"><div class=\"wp-block-group__inner-container is-layout-constrained wp-container-core-group-is-layout-22887a5d wp-block-group-is-layout-constrained\">\n<div class=\"wp-block-group is-content-justification-space-between is-nowrap is-layout-flex wp-container-core-group-is-layout-c33392ee wp-block-group-is-layout-flex\" style=\"margin-bottom:30px\">\n<h4 class=\"wp-block-heading\" style=\"font-size:20px;font-style:normal;font-weight:500\">Festival Grand Chambardement<\/h4>\n\n\n\n<figure class=\"wp-block-image is-resized\"><img decoding=\"async\" src=\"http:\/\/justlikefire.fr\/wp-content\/uploads\/2025\/03\/Logo-grand-chambardement.jpg\" alt=\"\" style=\"aspect-ratio:1;object-fit:cover;width:auto;height:150px\" title=\"Logo grand chambardement\"\/><\/figure>\n<\/div>\n\n\n\n<p class=\"has-responsive-main-container-background-color-color has-text-color has-link-color wp-elements-fc7a1561089c7c475e07ce470c74f320\">Une manifestation familiale associant un \u00e9v\u00e8nement culturel&nbsp;<strong>accessible \u00e0 tous<\/strong>&nbsp;et&nbsp;<strong>la r\u00e9alisation d\u2019actions en faveur de l\u2019enfance handicap\u00e9e<\/strong>.<\/p>\n<\/div><\/div>\n<\/div>\n\n\n\n<div class=\"wp-block-column is-layout-flow wp-block-column-is-layout-flow\">\n<div class=\"wp-block-group has-background\" style=\"background-color:#161616;padding-top:32px;padding-right:32px;padding-bottom:32px;padding-left:32px\"><div class=\"wp-block-group__inner-container is-layout-constrained wp-container-core-group-is-layout-22887a5d wp-block-group-is-layout-constrained\">\n<div class=\"wp-block-group is-content-justification-space-between is-nowrap is-layout-flex wp-container-core-group-is-layout-c33392ee wp-block-group-is-layout-flex\" style=\"margin-bottom:30px\">\n<h4 class=\"wp-block-heading\" style=\"font-size:20px;font-style:normal;font-weight:500\">Festival Tribute Night<\/h4>\n\n\n\n<figure class=\"wp-block-image size-full is-resized\"><img loading=\"lazy\" decoding=\"async\" width=\"225\" height=\"225\" src=\"http:\/\/justlikefire.fr\/wp-content\/uploads\/2025\/03\/logo-Fargues.jpg\" alt=\"\" class=\"wp-image-38\" style=\"width:auto;height:150px\" srcset=\"https:\/\/justlikefire.fr\/wp-content\/uploads\/2025\/03\/logo-Fargues.jpg 225w, https:\/\/justlikefire.fr\/wp-content\/uploads\/2025\/03\/logo-Fargues-150x150.jpg 150w\" sizes=\"auto, (max-width: 225px) 100vw, 225px\" \/><\/figure>\n<\/div>\n\n\n\n<p class=\"has-responsive-main-container-background-color-color has-text-color has-link-color wp-elements-2955e9d47109e0c6d60135b9f710ae3b\">Un \u00e9v\u00e9nement culturel et artistique incontournable situ\u00e9 en Gironde. Ce festival \u00e9clectique rassemble des artistes talentueux et un public curieux dans une ambiance chaleureuse et festive.<\/p>\n<\/div><\/div>\n<\/div>\n<\/div>\n\n\n\n<div class=\"wp-block-columns is-layout-flex wp-container-core-columns-is-layout-2679cf2c wp-block-columns-is-layout-flex\">\n<div class=\"wp-block-column is-layout-flow wp-block-column-is-layout-flow\">\n<div class=\"wp-block-group has-background\" style=\"background-color:#161616;padding-top:32px;padding-right:32px;padding-bottom:32px;padding-left:32px\"><div class=\"wp-block-group__inner-container is-layout-constrained wp-container-core-group-is-layout-22887a5d wp-block-group-is-layout-constrained\">\n<div class=\"wp-block-group is-content-justification-space-between is-nowrap is-layout-flex wp-container-core-group-is-layout-c33392ee wp-block-group-is-layout-flex\" style=\"margin-bottom:30px\">\n<h4 class=\"wp-block-heading has-large-font-size\" style=\"font-style:normal;font-weight:500\">Aperock Caf\u00e9<\/h4>\n\n\n\n<figure class=\"wp-block-image size-large is-resized\"><img loading=\"lazy\" decoding=\"async\" width=\"768\" height=\"1024\" src=\"http:\/\/justlikefire.fr\/wp-content\/uploads\/2025\/03\/logo-Aperock-768x1024.jpg\" alt=\"\" class=\"wp-image-34\" style=\"aspect-ratio:1;object-fit:cover;width:auto;height:150px\" title=\"Logo grand chambardement\" srcset=\"https:\/\/justlikefire.fr\/wp-content\/uploads\/2025\/03\/logo-Aperock-768x1025.jpg 768w, https:\/\/justlikefire.fr\/wp-content\/uploads\/2025\/03\/logo-Aperock-225x300.jpg 225w, https:\/\/justlikefire.fr\/wp-content\/uploads\/2025\/03\/logo-Aperock.jpg 850w\" sizes=\"auto, (max-width: 768px) 100vw, 768px\" \/><\/figure>\n<\/div>\n\n\n\n<p class=\"has-responsive-main-container-background-color-color has-text-color has-link-color wp-elements-64a3b51680569e27c0f7c90a052a6292\">Quoi ? Tu connais pas l&rsquo;Ap\u00e9ros caf\u00e9 \u00e0 Anglet ! Cours y vite : tu y seras accueillis par Skalou, Xav et leur \u00e9quipe ! Grosse soir\u00e9e garantie !<\/p>\n<\/div><\/div>\n<\/div>\n\n\n\n<div class=\"wp-block-column is-layout-flow wp-block-column-is-layout-flow\">\n<div class=\"wp-block-group has-background\" style=\"background-color:#161616;padding-top:32px;padding-right:32px;padding-bottom:32px;padding-left:32px\"><div class=\"wp-block-group__inner-container is-layout-constrained wp-container-core-group-is-layout-22887a5d wp-block-group-is-layout-constrained\">\n<div class=\"wp-block-group is-content-justification-space-between is-nowrap is-layout-flex wp-container-core-group-is-layout-c33392ee wp-block-group-is-layout-flex\" style=\"margin-bottom:30px\">\n<h4 class=\"wp-block-heading has-large-font-size\" style=\"font-style:normal;font-weight:500\">Festival So Tribute<\/h4>\n\n\n\n<figure class=\"wp-block-image size-full is-resized\"><img loading=\"lazy\" decoding=\"async\" width=\"677\" height=\"646\" src=\"http:\/\/justlikefire.fr\/wp-content\/uploads\/2025\/03\/logo-so-tribute.jpg\" alt=\"\" class=\"wp-image-39\" style=\"width:auto;height:150px\" srcset=\"https:\/\/justlikefire.fr\/wp-content\/uploads\/2025\/03\/logo-so-tribute.jpg 677w, https:\/\/justlikefire.fr\/wp-content\/uploads\/2025\/03\/logo-so-tribute-300x286.jpg 300w\" sizes=\"auto, (max-width: 677px) 100vw, 677px\" \/><\/figure>\n<\/div>\n\n\n\n<p class=\"has-responsive-main-container-background-color-color has-text-color has-link-color wp-elements-ea53bb7b4c297cd68fad394ea44f952d\">Nous \u00e9tions \u00e0 la premi\u00e8re \u00e9dition du festival So&rsquo; Tribute, \u00e0 Saucats  !<\/p>\n<\/div><\/div>\n<\/div>\n<\/div>\n<\/div>\n","protected":false},"excerpt":{"rendered":"<p>Viens nous voir, on est sympa ! \ud83d\ude07 Concerts \u00e0 venir Vendredi 13 Mars Le Plancher des Vaches AGEN (47) \u00c9v\u00e8nement Facebook Samedi 4 avril La Kantine de Madame LA TESTE DE BUCH (33) \u00c9v\u00e8nement Facebook Vendredi 8 mai Festival &hellip;<\/p>\n<p class=\"read-more\"> <a class=\"more-link\" href=\"https:\/\/justlikefire.fr\/\"> <span class=\"screen-reader-text\">Just Like Fire &#8211; P!nk Tribute<\/span> Read More &raquo;<\/a><\/p>\n","protected":false},"author":1,"featured_media":0,"parent":0,"menu_order":0,"comment_status":"closed","ping_status":"closed","template":"template-page-builder.php","meta":{"footnotes":""},"class_list":["post-15","page","type-page","status-publish","hentry"],"_links":{"self":[{"href":"https:\/\/justlikefire.fr\/index.php\/wp-json\/wp\/v2\/pages\/15","targetHints":{"allow":["GET"]}}],"collection":[{"href":"https:\/\/justlikefire.fr\/index.php\/wp-json\/wp\/v2\/pages"}],"about":[{"href":"https:\/\/justlikefire.fr\/index.php\/wp-json\/wp\/v2\/types\/page"}],"author":[{"embeddable":true,"href":"https:\/\/justlikefire.fr\/index.php\/wp-json\/wp\/v2\/users\/1"}],"replies":[{"embeddable":true,"href":"https:\/\/justlikefire.fr\/index.php\/wp-json\/wp\/v2\/comments?post=15"}],"version-history":[{"count":165,"href":"https:\/\/justlikefire.fr\/index.php\/wp-json\/wp\/v2\/pages\/15\/revisions"}],"predecessor-version":[{"id":544,"href":"https:\/\/justlikefire.fr\/index.php\/wp-json\/wp\/v2\/pages\/15\/revisions\/544"}],"wp:attachment":[{"href":"https:\/\/justlikefire.fr\/index.php\/wp-json\/wp\/v2\/media?parent=15"}],"curies":[{"name":"wp","href":"https:\/\/api.w.org\/{rel}","templated":true}]}}